{"id":74,"date":"2025-10-03T22:24:12","date_gmt":"2025-10-03T20:24:12","guid":{"rendered":"https:\/\/alicja.hellostrona.pl\/?page_id=74"},"modified":"2025-10-12T14:50:25","modified_gmt":"2025-10-12T12:50:25","slug":"wskazowki-do-etapu","status":"publish","type":"page","link":"https:\/\/alicja.hellostrona.pl\/?page_id=74","title":{"rendered":"Wskaz\u00f3wki do Etapu"},"content":{"rendered":"\n<p>&nbsp;<\/p>\r\n\r\n<p style=\"text-align:center;\">Hej! \ud83d\ude42 <span style=\"color: #800000;\"><strong>Zanim przyst\u0105pisz do realizacji etapu 2 daj mi prosz\u0119 zna\u0107<\/strong>!<\/span> Zrobimy to razem, \u017ceby wszystko by\u0142o dobrze, oraz \u017cebym mog\u0142a pom\u00f3c Ci w razie potrzeby. Poni\u017cej zamieszczam niezb\u0119dne wskaz\u00f3wki. Przeczytaj je dok\u0142adnie przed rozpocz\u0119ciem wype\u0142niania wniosk\u00f3w:<\/p>\r\n\r\n<p>1\/ Pami\u0119tamy o wyczyszczeniu plik\u00f3w cookies przed rozpocz\u0119ciem sk\u0142adania wniosk\u00f3w (instrukcj\u0119 do czyszczenia plik\u00f3w znajdziesz na etapie 2)<\/p>\r\n\r\n<p>2\/ Jak wejdziesz we wniosek to wype\u0142niamy go od pocz\u0105tku do ko\u0144ca:<\/p>\r\n\r\n<p>&#8211; nie przechodzimy na inne karty, zak\u0142adki, Facebooka itd. (dymek messengera mo\u017ce by\u0107 w\u0142\u0105czony)<\/p>\r\n<p>&#8211; nie od\u015bwie\u017camy strony<\/p>\r\n<p>&#8211; nie cofamy<\/p>\r\n<p>&#8211; nie wchodzimy w \u017cadne regulaminy, klauzul\u0119, promocje, umowy, ubezpieczenia itd. (robimy tak dlatego, \u017ce w innym wypadku wniosek nie zapisze si\u0119 w systemie jako wys\u0142any)<\/p>\r\n\r\n<p>3\/ Je\u017celi masz tak\u0105 mo\u017cliwo\u015b\u0107 najlepiej wype\u0142nia\u0107 wniosek na komputerze, a jak czego\u015b nie wiesz to wtedy mo\u017cesz pisa\u0107 do mnie na telefonie<\/p>\r\n\r\n<p>4\/ Je\u017celi wype\u0142niasz na telefonie to nie otwieramy w trakcie wype\u0142niania wniosku aplikacji messenger (dymek czatu jest ok), SMS, nie odbieramy telefonu<\/p>\r\n\r\n<p>5\/ Do ka\u017cdego konta zamawiamy kart\u0119 \u2013 jest ona konieczna do zrobienia transakcji, aby uzyska\u0107 bonusy<\/p>\r\n\r\n<p>6\/ Wybieramy zawarcie umowy przez kuriera, w przypadku niekt\u00f3rych kont, mo\u017cna to zrobi\u0107 online, powiem Ci jakie to s\u0105<\/p>\r\n\r\n<p>7\/ Zaznaczamy wszystkie zgody marketingowe, s\u0105 one niezb\u0119dne do wyp\u0142aty bonus\u00f3w z banku<\/p>\r\n\r\n<p>8\/ W mBanku kart\u0119 zamawiamy <span style=\"color: #800000;\"><strong>poczt\u0105<\/strong><\/span><\/p>\r\n\r\n<p>9\/ Wrzu\u0107 sobie na pulpit zdj\u0119cie dowodu z obu stron, poniewa\u017c jest ono potrzebne jako za\u0142\u0105cznik w niekt\u00f3rych bankach (zdj\u0119cie musi by\u0107 wyra\u017ane, wyostrzone, jak najbli\u017cej si\u0119 da zrobione, jednak tak, \u017ceby kraw\u0119dzie nie by\u0142y uci\u0119te i wykonane w poziomie. Na samym dole przyk\u0142adowe zdj\u0119cie, obrazuj\u0105ce jak to powinno wygl\u0105da\u0107)<\/p>\r\n\r\n<p>10\/ Po ka\u017cdym wys\u0142anym wniosku daj mi zna\u0107, wtedy sprawdz\u0119 czy wniosek zapisa\u0142 si\u0119 poprawnie<\/p>\r\n\r\n<p>11\/ Je\u015bli robisz bank PEKAO SA :<\/p>\r\n<ul>\r\n  <li>Je\u015bli robisz na komputerze to p\u00f3\u017aniej ko\u0144czysz w aplikacji, lub na stronie <a href=\"https:\/\/prostodo.pl\/c?zid=40559195398&#038;tid=3431&#038;ha=376077941&#038;r=402\">oferta.pekao24.pl<\/a><\/li>\r\n  <li>Je\u015bli na telefonie, to te\u017c p\u00f3\u017aniej zostaniesz przekierowany aby pobra\u0107 aplikacj\u0119, lub doko\u0144czysz na stronie <a href=\"https:\/\/prostodo.pl\/c?zid=40559195398&#038;tid=3431&#038;ha=376077941&#038;r=402\">oferta.pekao24.pl<\/a><\/li>\r\n  <li><strong>PAMI\u0118TAJ<\/strong> zapisa\u0107 sobie na kartce Login i has\u0142o kt\u00f3re podasz w pierwszym kroku, bo p\u00f3\u017aniej jest problem ze login nie pasuje. Login sk\u0142ada si\u0119 z 8 liter w tym 1 musi by\u0107 du\u017ca \u2013 zapisz to sobie \ud83d\ude09<\/li>\r\n<\/ul>\r\n\r\n<p>12\/ Je\u015bli robisz konto <a href=\"https:\/\/prostodo.pl\/c?zid=49233169420&#038;tid=3245&#038;ha=2039833752&#038;r=2599\" target=\"_blank\" rel=\"noopener noreferrer\">BNP Paribas<\/a>:<\/p>\r\n<ul>\r\n  <li>Najpierw zg\u0142aszasz si\u0119 do promocji, potem od razu otwierasz konto \u2013 b\u0119dzie to ni\u017cej.<\/li>\r\n  <li>BNP wymaga bardzo dok\u0142adnego zdj\u0119cia dowodu, najlepiej zrobionego z bliska i wyra\u017anie. W przeciwnym razie bank odrzuci wniosek.<\/li>\r\n<\/ul>\r\n\r\n\r\n<p>&nbsp;<\/p>\r\n<p>\r\n  <img loading=\"lazy\" decoding=\"async\" src=\"https:\/\/klaudia-cesarz.pl\/wp-content\/uploads\/2023\/02\/ok-1024x579.png\" alt=\"Przyk\u0142ad dobrego zdj\u0119cia\" width=\"445\" height=\"252\" \/>\r\n  <img loading=\"lazy\" decoding=\"async\" src=\"https:\/\/klaudia-cesarz.pl\/wp-content\/uploads\/2023\/02\/zle.png\" alt=\"Przyk\u0142ad z\u0142ego zdj\u0119cia 1\" width=\"443\" height=\"249\" \/>\r\n  <img loading=\"lazy\" decoding=\"async\" src=\"https:\/\/klaudia-cesarz.pl\/wp-content\/uploads\/2023\/02\/zzle.png\" alt=\"Przyk\u0142ad z\u0142ego zdj\u0119cia 2\" width=\"443\" height=\"281\" \/>\r\n<\/p>\n\n\n\n<blockquote class=\"wp-block-quote is-layout-flow wp-block-quote-is-layout-flow\">\n<pre class=\"wp-block-verse\"><strong>PA\u0179DZIERNIK 2025<\/strong> - AKTUALIZACJA - <strong>KONTO W MILLENIUM<\/strong> JEST <strong>WY\u0141\u0104CZONE Z TEST\u00d3W<\/strong>. NIE ZAK\u0141ADAJ TAM KONTA!<\/pre>\n<\/blockquote>\n\n\n\n<blockquote class=\"wp-block-quote is-layout-flow wp-block-quote-is-layout-flow\">\n<p><\/p>\n<\/blockquote>\n\n\n\n<p><\/p>\n","protected":false},"excerpt":{"rendered":"<p>&nbsp; Hej! \ud83d\ude42 Zanim przyst\u0105pisz do realizacji etapu 2 daj mi prosz\u0119 zna\u0107! Zrobimy to razem, \u017ceby wszystko by\u0142o dobrze, oraz \u017cebym mog\u0142a pom\u00f3c Ci w razie potrzeby. Poni\u017cej zamieszczam niezb\u0119dne wskaz\u00f3wki. Przeczytaj je dok\u0142adnie przed rozpocz\u0119ciem wype\u0142niania wniosk\u00f3w: 1\/ Pami\u0119tamy o wyczyszczeniu plik\u00f3w cookies przed rozpocz\u0119ciem sk\u0142adania wniosk\u00f3w (instrukcj\u0119 do czyszczenia plik\u00f3w znajdziesz na&hellip;&nbsp;<a href=\"https:\/\/alicja.hellostrona.pl\/?page_id=74\" rel=\"bookmark\"><span class=\"screen-reader-text\">Wskaz\u00f3wki do Etapu<\/span><\/a><\/p>\n","protected":false},"author":1,"featured_media":0,"parent":0,"menu_order":0,"comment_status":"closed","ping_status":"closed","template":"","meta":{"neve_meta_sidebar":"","neve_meta_container":"","neve_meta_enable_content_width":"","neve_meta_content_width":0,"neve_meta_title_alignment":"","neve_meta_author_avatar":"","neve_post_elements_order":"","neve_meta_disable_header":"","neve_meta_disable_footer":"","neve_meta_disable_title":"","footnotes":""},"class_list":["post-74","page","type-page","status-publish","hentry"],"_links":{"self":[{"href":"https:\/\/alicja.hellostrona.pl\/index.php?rest_route=\/wp\/v2\/pages\/74","targetHints":{"allow":["GET"]}}],"collection":[{"href":"https:\/\/alicja.hellostrona.pl\/index.php?rest_route=\/wp\/v2\/pages"}],"about":[{"href":"https:\/\/alicja.hellostrona.pl\/index.php?rest_route=\/wp\/v2\/types\/page"}],"author":[{"embeddable":true,"href":"https:\/\/alicja.hellostrona.pl\/index.php?rest_route=\/wp\/v2\/users\/1"}],"replies":[{"embeddable":true,"href":"https:\/\/alicja.hellostrona.pl\/index.php?rest_route=%2Fwp%2Fv2%2Fcomments&post=74"}],"version-history":[{"count":2,"href":"https:\/\/alicja.hellostrona.pl\/index.php?rest_route=\/wp\/v2\/pages\/74\/revisions"}],"predecessor-version":[{"id":96,"href":"https:\/\/alicja.hellostrona.pl\/index.php?rest_route=\/wp\/v2\/pages\/74\/revisions\/96"}],"wp:attachment":[{"href":"https:\/\/alicja.hellostrona.pl\/index.php?rest_route=%2Fwp%2Fv2%2Fmedia&parent=74"}],"curies":[{"name":"wp","href":"https:\/\/api.w.org\/{rel}","templated":true}]}}