{"id":34,"date":"2025-10-03T20:35:37","date_gmt":"2025-10-03T18:35:37","guid":{"rendered":"https:\/\/alicja.hellostrona.pl\/?page_id=34"},"modified":"2025-10-08T14:00:44","modified_gmt":"2025-10-08T12:00:44","slug":"witaj","status":"publish","type":"page","link":"https:\/\/alicja.hellostrona.pl\/","title":{"rendered":"\ud83d\udc4b Witaj!"},"content":{"rendered":"\n<p>Szukasz dodatkowego \u017ar\u00f3d\u0142a dochodu, kt\u00f3re nie wymaga inwestycji ani specjalnych umiej\u0119tno\u015bci?<br><strong>Dobrze trafi\u0142a\u015b\/e\u015b!<\/strong><\/p>\n\n\n\n<p>\ud83d\udc49 W naszej spo\u0142eczno\u015bci uczymy, jak korzystaj\u0105c z <strong>darmowych produkt\u00f3w<\/strong>, mo\u017cna krok po kroku zbudowa\u0107 realne \u017ar\u00f3d\u0142o zarobku online.<\/p>\n\n\n\n<p>Nie musisz nic p\u0142aci\u0107 na start \u2013 po prostu sprawdzasz, jak to dzia\u0142a i decydujesz, czy chcesz i\u015b\u0107 dalej.<\/p>\n\n\n\n<h4 class=\"wp-block-heading\">\u2705 Do\u0142\u0105cz do spo\u0142eczno\u015bci, kt\u00f3ra ju\u017c dzia\u0142a! \ud83d\udccc Zero zobowi\u0105za\u0144 \u2013 po prostu sprawd\u017a, czy to co\u015b dla Ciebie.<\/h4>\n\n\n\n<ul class=\"wp-block-list\">\n<li>dost\u0119p do darmowych materia\u0142\u00f3w<\/li>\n\n\n\n<li>praktyczny kurs online<\/li>\n\n\n\n<li>w\u0142asn\u0105 stron\u0119 www<\/li>\n\n\n\n<li>pe\u0142ne wsparcie na ka\u017cdym etapie pracy<\/li>\n\n\n\n<li>dost\u0119p do premii i bonus\u00f3w od zaraz<\/li>\n<\/ul>\n\n\n\n<h4 class=\"wp-block-heading\">\u2705 Czego NIE potrzebujesz, \u017ceby zacz\u0105\u0107?<\/h4>\n\n\n\n<ul class=\"wp-block-list\">\n<li>\u274c firmy ani dzia\u0142alno\u015bci gospodarczej<\/li>\n\n\n\n<li>\u274c bazy klient\u00f3w czy obserwator\u00f3w<\/li>\n\n\n\n<li>\u274c do\u015bwiadczenia w marketingu<\/li>\n\n\n\n<li>\u274c w\u0142asnej strony internetowej<\/li>\n<\/ul>\n\n\n\n<h4 class=\"wp-block-heading\">\u2705 Co wystarczy, \u017ceby wej\u015b\u0107?<\/h4>\n\n\n\n<ul class=\"wp-block-list\">\n<li>\u2714\ufe0f pe\u0142noletno\u015b\u0107<\/li>\n\n\n\n<li>\u2714\ufe0f telefon z internetem<\/li>\n\n\n\n<li>\u2714\ufe0f ch\u0119\u0107 spr\u00f3bowania czego\u015b nowego<\/li>\n\n\n\n<li>\u2714\ufe0f PESEL i rezydencja podatkowa w Polsce (dla obcokrajowc\u00f3w)<\/li>\n<\/ul>\n\n\n\n<h4 class=\"wp-block-heading\">Oto m\u00f3j wynik z poprzedniego miesi\u0105ca:<\/h4>\n\n\n\n<figure class=\"wp-block-image size-full\"><img loading=\"lazy\" decoding=\"async\" width=\"940\" height=\"394\" src=\"https:\/\/alicja.hellostrona.pl\/wp-content\/uploads\/2025\/10\/Praca-zdalna-\u2013-kopia.png\" alt=\"\" class=\"wp-image-89\" srcset=\"https:\/\/alicja.hellostrona.pl\/wp-content\/uploads\/2025\/10\/Praca-zdalna-\u2013-kopia.png 940w, https:\/\/alicja.hellostrona.pl\/wp-content\/uploads\/2025\/10\/Praca-zdalna-\u2013-kopia-300x126.png 300w, https:\/\/alicja.hellostrona.pl\/wp-content\/uploads\/2025\/10\/Praca-zdalna-\u2013-kopia-768x322.png 768w\" sizes=\"auto, (max-width: 940px) 100vw, 940px\" \/><\/figure>\n\n\n\n<p>Nawet nie wiesz, jak si\u0119 ciesz\u0119, \u017ce tutaj jeste\u015b i chcesz dzia\u0142a\u0107 \ud83d\ude42 Co musisz wiedzie\u0107 o naszym projekcie?<\/p>\n\n\n\n<p>Projekt MoneyStar zosta\u0142 stworzony dla tych, kt\u00f3rzy chc\u0105 zarabia\u0107 du\u017ce pieni\u0105dze, ale nie wiedz\u0105, od czego zacz\u0105\u0107. Wszystko jest przygotowane etapami \u2013 krok po kroku uczysz si\u0119 tego, co potrzebne. I co wa\u017cne \u2013 nie musisz wydawa\u0107 pieni\u0119dzy na dodatkowe kursy, bo wszystkie narz\u0119dzia s\u0105 w projekcie.<\/p>\n\n\n\n<figure id=\"projektmoney\" class=\"wp-block-video\"><video height=\"720\" style=\"aspect-ratio: 1280 \/ 720;\" width=\"1280\" controls src=\"https:\/\/alicja.hellostrona.pl\/wp-content\/uploads\/2025\/10\/Projekt_MoneyStar__Krok_po_kroku.mp4\" playsinline><\/video><\/figure>\n\n\n\n<ul class=\"wp-block-list\">\n<li><strong>5 krok\u00f3w do sukcesu!<\/strong> Do\u0142\u0105czasz do programu, w kt\u00f3rym przeprowadz\u0119 Ci\u0119 przez <strong>5 etap\u00f3w<\/strong> zarabiania w programach partnerskich. \ud83d\udc49 3 g\u0142\u00f3wne i 2 dodatkowe intensywne szkolenia przygotuj\u0105 Ci\u0119 do realnego dzia\u0142ania. \ud83d\udc49 Ka\u017cdy etap to praktyczne zadania, kt\u00f3re mo\u017cesz wdro\u017cy\u0107 od razu i zobaczy\u0107 pierwsze efekty. Nie odk\u0142adaj tego na p\u00f3\u017aniej \u2013 <strong>inni ju\u017c korzystaj\u0105 z tych metod i zarabiaj\u0105!<\/strong><\/li>\n\n\n\n<li><strong>Bez inwestycji<\/strong> \u2013 wsp\u00f3\u0142pracuj\u0105c z MoneyStar, nie musisz wk\u0142ada\u0107 w\u0142asnych pieni\u0119dzy. Wszystkie narz\u0119dzia i materia\u0142y s\u0105 dost\u0119pne w ramach projektu. Nie ryzykujesz ani z\u0142ot\u00f3wki, a mo\u017cesz zdoby\u0107 realne pieni\u0105dze.<\/li>\n\n\n\n<li><strong>Bez ryzyka i zobowi\u0105za\u0144<\/strong> \u2013 mo\u017cesz zrezygnowa\u0107 w ka\u017cdej chwili, bez konsekwencji i presji. To Tw\u00f3j wyb\u00f3r i Twoja kontrola nad czasem oraz dzia\u0142aniami.<\/li>\n\n\n\n<li><strong>Nieograniczone zarobki<\/strong> \u2013 w przeciwie\u0144stwie do etatu, tutaj nie ma g\u00f3rnego limitu. Twoje zarobki rosn\u0105 proporcjonalnie do zaanga\u017cowania. Ka\u017cda godzina pracy to potencjalny wi\u0119kszy doch\u00f3d \u2013 nie pozw\u00f3l, aby inni Ci\u0119 wyprzedzili.<\/li>\n\n\n\n<li><strong>Wspania\u0142a spo\u0142eczno\u015b\u0107<\/strong> \u2013 poznasz osoby, kt\u00f3re dzia\u0142aj\u0105 w tym samym kierunku. Wymiana do\u015bwiadcze\u0144, wsparcie i motywacja sprawiaj\u0105, \u017ce \u0142atwiej osi\u0105gn\u0105\u0107 sukces. Nie zostawaj w tyle \u2013 ci, kt\u00f3rzy dzia\u0142aj\u0105 razem, szybciej zarabiaj\u0105.<\/li>\n\n\n\n<li><strong>Wi\u0119cej czasu dla siebie i rodziny<\/strong> \u2013 sam\/a decydujesz, kiedy pracujesz i ile czasu po\u015bwi\u0119casz. Dzi\u0119ki temu mo\u017cesz wreszcie godzi\u0107 \u017cycie zawodowe z prywatnym, zamiast sp\u0119dza\u0107 ca\u0142e dni na etacie, mo\u017cesz spr\u00f3bowa\u0107 \u017cy\u0107 inaczej.<\/li>\n\n\n\n<li><strong>Szkolenie i ebook za darmo<\/strong> \u2013 jako uczestnik projektu otrzymujesz dost\u0119p do szkolenia o warto\u015bci 59 z\u0142 na 3. etapie, ebooka o warto\u015bci 129 z\u0142 na 5. etapie oraz wiele warto\u015bciowych tre\u015bci. To Twoje dodatkowe wsparcie i przewaga nad osobami, kt\u00f3re jeszcze nie dzia\u0142aj\u0105.<\/li>\n<\/ul>\n\n\n\n<hr class=\"wp-block-separator has-alpha-channel-opacity\"\/>\n\n\n\n<h3 class=\"wp-block-heading\">Poni\u017cej przedstawi\u0119 Twoje pierwsze produkty do test\u00f3w<\/h3>\n\n\n\n<h5 class=\"wp-block-heading\">Nasza praca opiera si\u0119 na darmowych kontach bankowych. Banki p\u0142ac\u0105 prowizje za nowych klient\u00f3w, wi\u0119c Ty r\u00f3wnie\u017c zarabiasz \ud83d\ude42<\/h5>\n\n\n\n<p>Wi\u0119kszo\u015b\u0107 ludzi nie wie, \u017ce to w\u0142a\u015bnie konta bankowe s\u0105 najbardziej op\u0142acalne \u2013 prowizje si\u0119gaj\u0105 90\u2013280 z\u0142 za jedno konto. Dlatego ju\u017c w pierwszym miesi\u0105cu mo\u017cesz wygenerowa\u0107 nawet 2000 z\u0142 dodatkowego dochodu.<\/p>\n\n\n\n<figure class=\"wp-block-image size-full\"><img decoding=\"async\" src=\"https:\/\/nikolcia.hellostrona.pl\/wp-content\/uploads\/2025\/09\/gwarantowane-4.png\" alt=\"Projekt MoneyStar to gotowy system do wdro\u017cenia\" class=\"wp-image-6\"\/><\/figure>\n\n\n\n<p>W Projekcie mo\u017cna testowa\u0107 r\u00f3\u017cne produkty \u2013 od drobnych artyku\u0142\u00f3w, zeszyt\u00f3w, zabawek, a\u017c po meble czy us\u0142ugi na kart\u0119. Problem jest jednak taki, \u017ce: wi\u0119kszo\u015b\u0107 z nich jest p\u0142atna \u2013 trzeba wy\u0142o\u017cy\u0107 pieni\u0105dze z w\u0142asnej kieszeni, prowizje s\u0105 niskie, cz\u0119sto tylko kilka\u2013kilkana\u015bcie z\u0142otych, co przek\u0142ada si\u0119 na niemal zerowy zarobek.<\/p>\n\n\n\n<p>My pracujemy na kontach bankowych, poniewa\u017c s\u0105 ca\u0142kowicie darmowe, przynosz\u0105 najwy\u017csze prowizje \u2013 ju\u017c za jedno konto mo\u017cesz otrzyma\u0107 od 90 do nawet 280 z\u0142, i to w\u0142a\u015bnie dzi\u0119ki temu ten model daje realny, a nie symboliczny zysk.Inne produkty wymagaj\u0105 inwestycji i daj\u0105 niskie prowizje. Konta bankowe s\u0105 darmowe, a prowizje wysokie \u2013 dlatego ten model si\u0119 sprawdza.<\/p>\n\n\n\n<p>Ca\u0142y projekt jest podzielony na 5 cz\u0119\u015bci + etap zamykania kont, wi\u0119c masz wsparcie od pocz\u0105tku do ko\u0144ca. Wszystko zgodnie z prawem, a bonusy otrzymujesz bezpo\u015brednio na konto.<\/p>\n\n\n\n<p><strong>Dzia\u0142amy w afiliacji od 2018 roku \u2013 jeste\u015bmy pr\u0119\u017cnym zespo\u0142em, z kt\u00f3rym i Ty mo\u017cesz zacz\u0105\u0107 dzia\u0142a\u0107.<\/strong><\/p>\n\n\n\n<p>Moim zadaniem jest nauczy\u0107 Ci\u0119, jak skutecznie dzia\u0142a\u0107 w <strong>programach partnerskich<\/strong> \u2013 korzystaj\u0105c z wiedzy, narz\u0119dzi i szkole\u0144.<br>Konta bankowe to jedyne produkty dost\u0119pne ca\u0142kowicie <strong>za darmo<\/strong>, a banki prze\u015bcigaj\u0105 si\u0119 w<strong> premiach i prowizjach<\/strong>, kt\u00f3re mo\u017cesz zyska\u0107, polecaj\u0105c je dalej.<\/p>\n\n\n\n<p>\u017beby m\u00f3c przetestowa\u0107 konta w pierwszym kroku, wystarczy je za\u0142o\u017cy\u0107 \u2013 b\u0119dzie to od 1 &#8211; 3 darmowych kont bankowych. Dlaczego tyle? Pozw\u00f3l, \u017ce Ci to wyt\u0142umacz\u0119 w prostej tabelce:<\/p>\n\n\n\n<figure class=\"wp-block-table\"><table class=\"has-fixed-layout\"><tbody><tr><td>Produkt<\/td><td>Tw\u00f3j koszt<\/td><td>Prowizja<\/td><td>Ile polece\u0144, by zarobi\u0107 <strong>2000 z\u0142<\/strong><\/td><\/tr><tr><td>Krem do opalania<\/td><td>50 z\u0142<\/td><td>5 z\u0142<\/td><td>400<\/td><\/tr><tr><td>1 Konto bankowe<\/td><td>0 z\u0142<\/td><td>100 z\u0142<\/td><td>20<\/td><\/tr><tr><td>3 Konta<\/td><td>0 z\u0142<\/td><td>300 z\u0142 + bonus 350 z\u0142=<strong>650 z\u0142<\/strong><\/td><td><strong>3<\/strong><\/td><\/tr><\/tbody><\/table><\/figure>\n\n\n\n<p><strong>\ud83d\udc49 Twoim pierwszym zadaniem b\u0119dzie za\u0142o\u017cenie 1 lub 2 darmowych kont bankowych.<\/strong> Zach\u0119cam do 3\u20134 je\u015bli chcesz \u2013 to wi\u0119kszy zarobek. Ka\u017cde jest legalne, bezpieczne i mo\u017cesz je zamkn\u0105\u0107 po promocji.<\/p>\n\n\n\n<p><strong>Co zyskasz?<\/strong><\/p>\n\n\n\n<ul class=\"wp-block-list\">\n<li>Nauczysz si\u0119 w praktyce poleca\u0107 produkty finansowe.<\/li>\n\n\n\n<li><strong>Zarobisz pierwsze pieni\u0105dze (400\u20131200 z\u0142 mo\u017cliwe ju\u017c teraz).<\/strong><\/li>\n\n\n\n<li>B\u0119dziesz gotowy\/a do kolejnych etap\u00f3w.<\/li>\n\n\n\n<li>Zobaczysz, \u017ce to naprawd\u0119 proste \u2013 i bez ryzyka.<\/li>\n<\/ul>\n\n\n\n<p><strong>Zadanie dla Ciebie:<\/strong> wybierz spo\u015br\u00f3d listy 1\u20133 kont bankowych i z\u0142\u00f3\u017c wnioski o konto. Ch\u0119tnie pomog\u0119 Ci podczas wype\u0142niania &#8211; odezwij si\u0119 do mnie jak zaczniesz.<\/p>\n\n\n\n<ul class=\"wp-block-list\">\n<li><a href=\"https:\/\/tmlead.pl\/redirect\/373340_1134\">Bank Pekao<\/a><\/li>\n<\/ul>\n\n\n\n<figure class=\"wp-block-image size-full is-resized\"><a href=\"https:\/\/tmlead.pl\/redirect\/373340_1134\"><img loading=\"lazy\" decoding=\"async\" width=\"750\" height=\"200\" src=\"https:\/\/alicja.hellostrona.pl\/wp-content\/uploads\/2025\/10\/Pekao_KO_400zl_750x200.jpg\" alt=\"\" class=\"wp-image-43\" style=\"width:1055px;height:auto\" srcset=\"https:\/\/alicja.hellostrona.pl\/wp-content\/uploads\/2025\/10\/Pekao_KO_400zl_750x200.jpg 750w, https:\/\/alicja.hellostrona.pl\/wp-content\/uploads\/2025\/10\/Pekao_KO_400zl_750x200-300x80.jpg 300w\" sizes=\"auto, (max-width: 750px) 100vw, 750px\" \/><\/a><\/figure>\n\n\n\n<hr class=\"wp-block-separator has-alpha-channel-opacity\"\/>\n\n\n\n<p><a href=\"https:\/\/leadstar.pl\/lp?pid=20123&amp;tid=0&amp;ha=157738715&amp;prdid=11&amp;lp_version=1\">Lista pozosta\u0142ych produkt\u00f3w<\/a> &#8211; ranking kont<\/p>\n\n\n\n<h6 class=\"wp-block-heading\"><strong>Zanim zaczniesz, wyczy\u015b\u0107 pliki cookies \ud83d\udc49<\/strong><a href=\"https:\/\/www.youtube.com\/watch?v=kkjA20yaWXw\" target=\"_blank\" rel=\"noreferrer noopener nofollow\">Instrukcja wideo<\/a><\/h6>\n\n\n\n<div style=\"position: relative; padding-bottom: 56.25%; height: 0; overflow: hidden; max-width: 100%;\">\r\n<iframe src=\"https:\/\/www.youtube.com\/embed\/kkjA20yaWXw\" title=\"YouTube video player\" frameborder=\"0\" allowfullscreen style=\"position: absolute; top: 0; left: 0; width: 100%; height: 100%;\"><\/iframe>\r\n<\/div>\n\n\n\n<p><\/p>\n\n\n\n<h4 class=\"wp-block-heading\"><strong>Warunki wykonania Etapu<\/strong><\/h4>\n\n\n\n<ul class=\"wp-block-list\">\n<li>Wys\u0142uchaj nagrania o cookies<\/li>\n\n\n\n<li>Za\u0142\u00f3\u017c 1\u20132 konta bankowe (omi\u0144 bank, w kt\u00f3rym ju\u017c masz rachunek)<\/li>\n\n\n\n<li>Zr\u00f3b screeny maili powitalnych i wy\u015blij mi na Messenger<\/li>\n\n\n\n<li>Spe\u0142nij warunki promocji (np. p\u0142atno\u015b\u0107 BLIK\/karta), aby odebra\u0107 bonusy<\/li>\n<\/ul>\n\n\n\n<p><strong>GRATULACJE! Przechodzisz dalej \ud83c\udf89<\/strong><\/p>\n\n\n\n<p>Udzia\u0142 w Projekcie MoneyStar jest dobrowolny. W projekcie mog\u0105 bra\u0107 udzia\u0142 tylko osoby pe\u0142noletnie.<\/p>\n\n\n\n<p>\u23f3 Czas na wykonanie: <strong>2 tygodnie<\/strong>.<br>\u2705 W praktyce 3\u20137 dni \u2013 wi\u0119kszo\u015b\u0107 kont otwierasz online, a kurier cz\u0119sto przyje\u017cd\u017ca ju\u017c nast\u0119pnego dnia.<\/p>\n\n\n\n<p>\ud83d\udca1 <strong>Konta bankowe to najprostszy spos\u00f3b na pierwsze do\u015bwiadczenia i szybkie wyniki.<\/strong><\/p>\n\n\n\n<h4 class=\"wp-block-heading\">\ud83d\udc49 Co dalej?<\/h4>\n\n\n\n<p>W nast\u0119pnym kroku czeka Ci\u0119 <strong>szkolenie online<\/strong>, kt\u00f3re jest <em>kamieniem milowym<\/em> w naszym projekcie. To w\u0142a\u015bnie tam poznasz strategie, kt\u00f3re pozwol\u0105 Ci zwi\u0119kszy\u0107 zarobki i przej\u015b\u0107 do kolejnych etap\u00f3w wsp\u00f3\u0142pracy.<\/p>\n\n\n\n<p>Szkolenie jest praktyczne, prowadzone krok po kroku i przygotowane specjalnie dla os\u00f3b, kt\u00f3re dopiero zaczynaj\u0105. Dzi\u0119ki niemu zrozumiesz ca\u0142y system i zobaczysz, jak prze\u0142o\u017cy\u0107 teori\u0119 na realne wyniki.<\/p>\n\n\n\n<p>\ud83d\ude80 Po tym szkoleniu b\u0119dziesz gotowy\/a do pracy na wy\u017cszym poziomie i poznasz narz\u0119dzia, kt\u00f3re pozwalaj\u0105 naszym partnerom zarabia\u0107 jeszcze wi\u0119cej.<\/p>\n\n\n\n<p>Powodzenia \u2013 dzia\u0142amy razem \ud83d\udcaa<\/p>\n\n\n\n<p><strong>Alicja<\/strong><\/p>\n\n\n\n<p><\/p>\n","protected":false},"excerpt":{"rendered":"<p>Szukasz dodatkowego \u017ar\u00f3d\u0142a dochodu, kt\u00f3re nie wymaga inwestycji ani specjalnych umiej\u0119tno\u015bci?Dobrze trafi\u0142a\u015b\/e\u015b! \ud83d\udc49 W naszej spo\u0142eczno\u015bci uczymy, jak korzystaj\u0105c z darmowych produkt\u00f3w, mo\u017cna krok po kroku zbudowa\u0107 realne \u017ar\u00f3d\u0142o zarobku online. Nie musisz nic p\u0142aci\u0107 na start \u2013 po prostu sprawdzasz, jak to dzia\u0142a i decydujesz, czy chcesz i\u015b\u0107 dalej. \u2705 Do\u0142\u0105cz do spo\u0142eczno\u015bci, kt\u00f3ra&hellip;&nbsp;<a href=\"https:\/\/alicja.hellostrona.pl\/\" rel=\"bookmark\"><span class=\"screen-reader-text\">\ud83d\udc4b Witaj!<\/span><\/a><\/p>\n","protected":false},"author":1,"featured_media":0,"parent":0,"menu_order":0,"comment_status":"closed","ping_status":"closed","template":"","meta":{"neve_meta_sidebar":"","neve_meta_container":"","neve_meta_enable_content_width":"","neve_meta_content_width":0,"neve_meta_title_alignment":"","neve_meta_author_avatar":"","neve_post_elements_order":"","neve_meta_disable_header":"","neve_meta_disable_footer":"","neve_meta_disable_title":"","footnotes":""},"class_list":["post-34","page","type-page","status-publish","hentry"],"_links":{"self":[{"href":"https:\/\/alicja.hellostrona.pl\/index.php?rest_route=\/wp\/v2\/pages\/34","targetHints":{"allow":["GET"]}}],"collection":[{"href":"https:\/\/alicja.hellostrona.pl\/index.php?rest_route=\/wp\/v2\/pages"}],"about":[{"href":"https:\/\/alicja.hellostrona.pl\/index.php?rest_route=\/wp\/v2\/types\/page"}],"author":[{"embeddable":true,"href":"https:\/\/alicja.hellostrona.pl\/index.php?rest_route=\/wp\/v2\/users\/1"}],"replies":[{"embeddable":true,"href":"https:\/\/alicja.hellostrona.pl\/index.php?rest_route=%2Fwp%2Fv2%2Fcomments&post=34"}],"version-history":[{"count":25,"href":"https:\/\/alicja.hellostrona.pl\/index.php?rest_route=\/wp\/v2\/pages\/34\/revisions"}],"predecessor-version":[{"id":94,"href":"https:\/\/alicja.hellostrona.pl\/index.php?rest_route=\/wp\/v2\/pages\/34\/revisions\/94"}],"wp:attachment":[{"href":"https:\/\/alicja.hellostrona.pl\/index.php?rest_route=%2Fwp%2Fv2%2Fmedia&parent=34"}],"curies":[{"name":"wp","href":"https:\/\/api.w.org\/{rel}","templated":true}]}}